{"id":37,"date":"2024-12-02T21:27:56","date_gmt":"2024-12-02T21:27:56","guid":{"rendered":"http:\/\/laythrh.cluster051.hosting.ovh.net\/?page_id=37"},"modified":"2024-12-10T22:55:15","modified_gmt":"2024-12-10T22:55:15","slug":"pourquoi-choisir-layth-reparation-expert","status":"publish","type":"page","link":"https:\/\/layth-reparation.ca\/en\/pourquoi-choisir-layth-reparation-expert\/","title":{"rendered":"Pourquoi choisir Layth R\u00e9paration Expert"},"content":{"rendered":"<div data-elementor-type=\"wp-page\" data-elementor-id=\"37\" class=\"elementor elementor-37\">\n\t\t\t\t<div class=\"elementor-element elementor-element-0f5a030 e-flex e-con-boxed e-con e-parent\" data-id=\"0f5a030\" data-element_type=\"container\">\n\t\t\t\t\t<div class=\"e-con-inner\">\n\t\t\t\t<div class=\"elementor-element elementor-element-9e2f790 elementor-widget elementor-widget-heading\" data-id=\"9e2f790\" data-element_type=\"widget\" data-widget_type=\"heading.default\">\n\t\t\t\t<div class=\"elementor-widget-container\">\n\t\t\t<h1 class=\"elementor-heading-title elementor-size-default\">Why choose Layth Repair Expert?<\/h1>\t\t<\/div>\n\t\t\t\t<\/div>\n\t\t\t\t\t<\/div>\n\t\t\t\t<\/div>\n\t\t<div class=\"elementor-element elementor-element-4ec88c9 e-flex e-con-boxed e-con e-parent\" data-id=\"4ec88c9\" data-element_type=\"container\">\n\t\t\t\t\t<div class=\"e-con-inner\">\n\t\t<div class=\"elementor-element elementor-element-6a0f7a1 e-con-full e-flex e-con e-child\" data-id=\"6a0f7a1\" data-element_type=\"container\">\n\t\t\t\t<div class=\"elementor-element elementor-element-476ed16 elementor-hidden-tablet elementor-hidden-mobile elementor-widget elementor-widget-spacer\" data-id=\"476ed16\" data-element_type=\"widget\" data-widget_type=\"spacer.default\">\n\t\t\t\t<div class=\"elementor-widget-container\">\n\t\t\t\t\t<div class=\"elementor-spacer\">\n\t\t\t<div class=\"elementor-spacer-inner\"><\/div>\n\t\t<\/div>\n\t\t\t\t<\/div>\n\t\t\t\t<\/div>\n\t\t\t\t<div class=\"elementor-element elementor-element-f8ebe60 elementor-widget elementor-widget-text-editor\" data-id=\"f8ebe60\" data-element_type=\"widget\" data-widget_type=\"text-editor.default\">\n\t\t\t\t<div class=\"elementor-widget-container\">\n\t\t\t\t\t\t\tAt <strong>Layth Repair Expert<\/strong>, we are dedicated to providing tailored solutions to meet your laundry equipment maintenance and repair needs. Choosing our services is choosing excellence and peace of mind.\n<br>\n<strong>Choose Layth Repair Expert and benefit from<\/strong> :\n\n \t<li><strong>A fast, reliable, and professional service<\/strong> for your equipment.<\/li>\n \t<li><strong>Certified and experienced technicians<\/strong>, ready to intervene with precision.<\/li>\n \t<li><strong>A human and committed approach<\/strong>, always attentive to your expectations.<\/li>\n \t<li><strong>A lasting trust-based relationship<\/strong>, based on quality and transparency.<\/li>\n\nWith Layth Repair Expert, you are in good hands for all your repair and maintenance needs!\t\t\t\t\t\t<\/div>\n\t\t\t\t<\/div>\n\t\t\t\t<\/div>\n\t\t<div class=\"elementor-element elementor-element-48e1dcd e-con-full e-flex e-con e-child\" data-id=\"48e1dcd\" data-element_type=\"container\" data-settings=\"{&quot;background_background&quot;:&quot;classic&quot;}\">\n\t\t\t\t<div class=\"elementor-element elementor-element-2d9e993 elementor-widget elementor-widget-image\" data-id=\"2d9e993\" data-element_type=\"widget\" data-widget_type=\"image.default\">\n\t\t\t\t<div class=\"elementor-widget-container\">\n\t\t\t\t\t\t\t\t\t\t\t\t\t<img fetchpriority=\"high\" decoding=\"async\" width=\"600\" height=\"574\" src=\"https:\/\/layth-reparation.ca\/wp-content\/uploads\/2024\/12\/front-view-happy-repairman-sitting-near-washing-machine-making-thumb-up-sign-white-space-1-600x574.png\" class=\"attachment-portfolio_item-masonry size-portfolio_item-masonry wp-image-7347\" alt=\"\" srcset=\"https:\/\/layth-reparation.ca\/wp-content\/uploads\/2024\/12\/front-view-happy-repairman-sitting-near-washing-machine-making-thumb-up-sign-white-space-1-600x574.png 600w, https:\/\/layth-reparation.ca\/wp-content\/uploads\/2024\/12\/front-view-happy-repairman-sitting-near-washing-machine-making-thumb-up-sign-white-space-1-300x287.png 300w, https:\/\/layth-reparation.ca\/wp-content\/uploads\/2024\/12\/front-view-happy-repairman-sitting-near-washing-machine-making-thumb-up-sign-white-space-1-1024x980.png 1024w, https:\/\/layth-reparation.ca\/wp-content\/uploads\/2024\/12\/front-view-happy-repairman-sitting-near-washing-machine-making-thumb-up-sign-white-space-1-2000x1915.png 2000w, https:\/\/layth-reparation.ca\/wp-content\/uploads\/2024\/12\/front-view-happy-repairman-sitting-near-washing-machine-making-thumb-up-sign-white-space-1-1536x1470.png 1536w, https:\/\/layth-reparation.ca\/wp-content\/uploads\/2024\/12\/front-view-happy-repairman-sitting-near-washing-machine-making-thumb-up-sign-white-space-1-2048x1961.png 2048w, https:\/\/layth-reparation.ca\/wp-content\/uploads\/2024\/12\/front-view-happy-repairman-sitting-near-washing-machine-making-thumb-up-sign-white-space-1-1200x1149.png 1200w, https:\/\/layth-reparation.ca\/wp-content\/uploads\/2024\/12\/front-view-happy-repairman-sitting-near-washing-machine-making-thumb-up-sign-white-space-1-13x12.png 13w\" sizes=\"100vw\" \/>\t\t\t\t\t\t\t\t\t\t\t\t\t<\/div>\n\t\t\t\t<\/div>\n\t\t\t\t<\/div>\n\t\t\t\t\t<\/div>\n\t\t\t\t<\/div>\n\t\t<div class=\"elementor-element elementor-element-77f6a4c e-flex e-con-boxed e-con e-parent\" data-id=\"77f6a4c\" data-element_type=\"container\" data-settings=\"{&quot;background_background&quot;:&quot;classic&quot;}\">\n\t\t\t\t\t<div class=\"e-con-inner\">\n\t\t<div class=\"elementor-element elementor-element-cb6490d e-con-full e-flex e-con e-child\" data-id=\"cb6490d\" data-element_type=\"container\">\n\t\t\t\t<div class=\"elementor-element elementor-element-c04af93 elementor-widget elementor-widget-heading\" data-id=\"c04af93\" data-element_type=\"widget\" data-widget_type=\"heading.default\">\n\t\t\t\t<div class=\"elementor-widget-container\">\n\t\t\t<h2 class=\"elementor-heading-title elementor-size-default\">Our brands<\/h2>\t\t<\/div>\n\t\t\t\t<\/div>\n\t\t\t\t<div class=\"elementor-element elementor-element-9af9d92 elementor-arrows-position-outside elementor-pagination-position-outside elementor-widget elementor-widget-image-carousel\" data-id=\"9af9d92\" data-element_type=\"widget\" data-settings=\"{&quot;slides_to_show&quot;:&quot;4&quot;,&quot;autoplay_speed&quot;:1500,&quot;navigation&quot;:&quot;both&quot;,&quot;autoplay&quot;:&quot;yes&quot;,&quot;pause_on_hover&quot;:&quot;yes&quot;,&quot;pause_on_interaction&quot;:&quot;yes&quot;,&quot;infinite&quot;:&quot;yes&quot;,&quot;speed&quot;:500}\" data-widget_type=\"image-carousel.default\">\n\t\t\t\t<div class=\"elementor-widget-container\">\n\t\t\t\t\t<div class=\"elementor-image-carousel-wrapper swiper\" dir=\"ltr\">\n\t\t\t<div class=\"elementor-image-carousel swiper-wrapper\" aria-live=\"off\">\n\t\t\t\t\t\t\t\t<div class=\"swiper-slide\" role=\"group\" aria-roledescription=\"slide\" aria-label=\"1 sur 9\"><figure class=\"swiper-slide-inner\"><img decoding=\"async\" class=\"swiper-slide-image\" src=\"https:\/\/layth-reparation.ca\/wp-content\/uploads\/2024\/12\/Frame-23.png\" alt=\"Frame 23\" \/><\/figure><\/div><div class=\"swiper-slide\" role=\"group\" aria-roledescription=\"slide\" aria-label=\"2 sur 9\"><figure class=\"swiper-slide-inner\"><img decoding=\"async\" class=\"swiper-slide-image\" src=\"https:\/\/layth-reparation.ca\/wp-content\/uploads\/2024\/12\/Frame-21.png\" alt=\"Frame 21\" \/><\/figure><\/div><div class=\"swiper-slide\" role=\"group\" aria-roledescription=\"slide\" aria-label=\"3 sur 9\"><figure class=\"swiper-slide-inner\"><img decoding=\"async\" class=\"swiper-slide-image\" src=\"https:\/\/layth-reparation.ca\/wp-content\/uploads\/2024\/12\/Frame-15.png\" alt=\"Frame 15\" \/><\/figure><\/div><div class=\"swiper-slide\" role=\"group\" aria-roledescription=\"slide\" aria-label=\"4 sur 9\"><figure class=\"swiper-slide-inner\"><img decoding=\"async\" class=\"swiper-slide-image\" src=\"https:\/\/layth-reparation.ca\/wp-content\/uploads\/2024\/12\/Frame-20.png\" alt=\"Frame 20\" \/><\/figure><\/div><div class=\"swiper-slide\" role=\"group\" aria-roledescription=\"slide\" aria-label=\"5 sur 9\"><figure class=\"swiper-slide-inner\"><img decoding=\"async\" class=\"swiper-slide-image\" src=\"https:\/\/layth-reparation.ca\/wp-content\/uploads\/2024\/12\/Frame-24.png\" alt=\"Frame 24\" \/><\/figure><\/div><div class=\"swiper-slide\" role=\"group\" aria-roledescription=\"slide\" aria-label=\"6 sur 9\"><figure class=\"swiper-slide-inner\"><img decoding=\"async\" class=\"swiper-slide-image\" src=\"https:\/\/layth-reparation.ca\/wp-content\/uploads\/2024\/12\/Frame-19.png\" alt=\"Frame 19\" \/><\/figure><\/div><div class=\"swiper-slide\" role=\"group\" aria-roledescription=\"slide\" aria-label=\"7 sur 9\"><figure class=\"swiper-slide-inner\"><img decoding=\"async\" class=\"swiper-slide-image\" src=\"https:\/\/layth-reparation.ca\/wp-content\/uploads\/2024\/12\/Frame-18.png\" alt=\"Frame 18\" \/><\/figure><\/div><div class=\"swiper-slide\" role=\"group\" aria-roledescription=\"slide\" aria-label=\"8 sur 9\"><figure class=\"swiper-slide-inner\"><img decoding=\"async\" class=\"swiper-slide-image\" src=\"https:\/\/layth-reparation.ca\/wp-content\/uploads\/2024\/12\/Frame-17.png\" alt=\"Frame 17\" \/><\/figure><\/div><div class=\"swiper-slide\" role=\"group\" aria-roledescription=\"slide\" aria-label=\"9 sur 9\"><figure class=\"swiper-slide-inner\"><img decoding=\"async\" class=\"swiper-slide-image\" src=\"https:\/\/layth-reparation.ca\/wp-content\/uploads\/2024\/12\/Frame-16.png\" alt=\"Frame 16\" \/><\/figure><\/div>\t\t\t<\/div>\n\t\t\t\t\t\t\t\t\t\t\t\t<div class=\"elementor-swiper-button elementor-swiper-button-prev\" role=\"button\" tabindex=\"0\">\n\t\t\t\t\t\t<svg aria-hidden=\"true\" class=\"e-font-icon-svg e-eicon-chevron-left\" viewbox=\"0 0 1000 1000\" xmlns=\"http:\/\/www.w3.org\/2000\/svg\"><path d=\"M646 125C629 125 613 133 604 142L308 442C296 454 292 471 292 487 292 504 296 521 308 533L604 854C617 867 629 875 646 875 663 875 679 871 692 858 704 846 713 829 713 812 713 796 708 779 692 767L438 487 692 225C700 217 708 204 708 187 708 171 704 154 692 142 675 129 663 125 646 125Z\"><\/path><\/svg>\t\t\t\t\t<\/div>\n\t\t\t\t\t<div class=\"elementor-swiper-button elementor-swiper-button-next\" role=\"button\" tabindex=\"0\">\n\t\t\t\t\t\t<svg aria-hidden=\"true\" class=\"e-font-icon-svg e-eicon-chevron-right\" viewbox=\"0 0 1000 1000\" xmlns=\"http:\/\/www.w3.org\/2000\/svg\"><path d=\"M696 533C708 521 713 504 713 487 713 471 708 454 696 446L400 146C388 133 375 125 354 125 338 125 325 129 313 142 300 154 292 171 292 187 292 204 296 221 308 233L563 492 304 771C292 783 288 800 288 817 288 833 296 850 308 863 321 871 338 875 354 875 371 875 388 867 400 854L696 533Z\"><\/path><\/svg>\t\t\t\t\t<\/div>\n\t\t\t\t\n\t\t\t\t\t\t\t\t\t<div class=\"swiper-pagination\"><\/div>\n\t\t\t\t\t\t\t\t\t<\/div>\n\t\t\t\t<\/div>\n\t\t\t\t<\/div>\n\t\t\t\t<\/div>\n\t\t\t\t\t<\/div>\n\t\t\t\t<\/div>\n\t\t\t\t<\/div>","protected":false},"excerpt":{"rendered":"<p>Pourquoi choisir Layth R\u00e9paration Expert ? Chez Layth R\u00e9paration Expert, nous sommes d\u00e9di\u00e9s \u00e0 offrir des solutions sur mesure pour r\u00e9pondre \u00e0 vos besoins en entretien et r\u00e9paration d\u2019\u00e9quipements de buanderie. Faire appel \u00e0 nos services, c\u2019est faire le choix de l\u2019excellence et de la tranquillit\u00e9 d\u2019esprit. Optez pour Layth R\u00e9paration Expert et b\u00e9n\u00e9ficiez de &hellip; <\/p>\n<p class=\"link-more\"><a href=\"https:\/\/layth-reparation.ca\/en\/pourquoi-choisir-layth-reparation-expert\/\" class=\"more-link\">Read more<span class=\"screen-reader-text\"> \u00ab\u00a0Pourquoi choisir Layth R\u00e9paration Expert\u00a0\u00bb<\/span><\/a><\/p>","protected":false},"author":1,"featured_media":0,"parent":0,"menu_order":0,"comment_status":"closed","ping_status":"closed","template":"","meta":{"footnotes":""},"class_list":["post-37","page","type-page","status-publish","hentry"],"yoast_head":"<!-- This site is optimized with the Yoast SEO plugin v24.0 - https:\/\/yoast.com\/wordpress\/plugins\/seo\/ -->\n<title>Pourquoi choisir Layth R\u00e9paration Expert - Layth R\u00e9paration Expert<\/title>\n<meta name=\"robots\" content=\"index, follow, max-snippet:-1, max-image-preview:large, max-video-preview:-1\" \/>\n<link rel=\"canonical\" href=\"https:\/\/layth-reparation.ca\/en\/pourquoi-choisir-layth-reparation-expert\/\" \/>\n<meta property=\"og:locale\" content=\"en_GB\" \/>\n<meta property=\"og:type\" content=\"article\" \/>\n<meta property=\"og:title\" content=\"Layth R\u00e9paration Expert\" \/>\n<meta property=\"og:description\" content=\"Experts en r\u00e9paration et entretien pour vos \u00e9quipements de buanderie. Fiabilit\u00e9, rapidit\u00e9 et qualit\u00e9 garanties !\" \/>\n<meta property=\"og:url\" content=\"https:\/\/layth-reparation.ca\/en\/pourquoi-choisir-layth-reparation-expert\/\" \/>\n<meta property=\"og:site_name\" content=\"Layth R\u00e9paration Expert\" \/>\n<meta property=\"article:modified_time\" content=\"2024-12-10T22:55:15+00:00\" \/>\n<meta property=\"og:image\" content=\"https:\/\/layth-reparation.ca\/wp-content\/uploads\/2024\/12\/Link-Preview-Image3.png\" \/>\n\t<meta property=\"og:image:width\" content=\"1200\" \/>\n\t<meta property=\"og:image:height\" content=\"630\" \/>\n\t<meta property=\"og:image:type\" content=\"image\/png\" \/>\n<meta name=\"twitter:card\" content=\"summary_large_image\" \/>\n<meta name=\"twitter:title\" content=\"Layth R\u00e9paration Expert\" \/>\n<meta name=\"twitter:description\" content=\"Experts en r\u00e9paration et entretien pour vos \u00e9quipements de buanderie. Fiabilit\u00e9, rapidit\u00e9 et qualit\u00e9 garanties !\" \/>\n<meta name=\"twitter:image\" content=\"https:\/\/layth-reparation.ca\/wp-content\/uploads\/2024\/12\/Link-Preview-Image3.png\" \/>\n<meta name=\"twitter:label1\" content=\"Estimated reading time\" \/>\n\t<meta name=\"twitter:data1\" content=\"5 minutes\" \/>\n<script type=\"application\/ld+json\" class=\"yoast-schema-graph\">{\"@context\":\"https:\/\/schema.org\",\"@graph\":[{\"@type\":\"WebPage\",\"@id\":\"https:\/\/layth-reparation.ca\/pourquoi-choisir-layth-reparation-expert\/\",\"url\":\"https:\/\/layth-reparation.ca\/pourquoi-choisir-layth-reparation-expert\/\",\"name\":\"Pourquoi choisir Layth R\u00e9paration Expert - Layth R\u00e9paration Expert\",\"isPartOf\":{\"@id\":\"https:\/\/layth-reparation.ca\/#website\"},\"primaryImageOfPage\":{\"@id\":\"https:\/\/layth-reparation.ca\/pourquoi-choisir-layth-reparation-expert\/#primaryimage\"},\"image\":{\"@id\":\"https:\/\/layth-reparation.ca\/pourquoi-choisir-layth-reparation-expert\/#primaryimage\"},\"thumbnailUrl\":\"https:\/\/layth-reparation.ca\/wp-content\/uploads\/2024\/12\/front-view-happy-repairman-sitting-near-washing-machine-making-thumb-up-sign-white-space-1-600x574.png\",\"datePublished\":\"2024-12-02T21:27:56+00:00\",\"dateModified\":\"2024-12-10T22:55:15+00:00\",\"breadcrumb\":{\"@id\":\"https:\/\/layth-reparation.ca\/pourquoi-choisir-layth-reparation-expert\/#breadcrumb\"},\"inLanguage\":\"en-GB\",\"potentialAction\":[{\"@type\":\"ReadAction\",\"target\":[\"https:\/\/layth-reparation.ca\/pourquoi-choisir-layth-reparation-expert\/\"]}]},{\"@type\":\"ImageObject\",\"inLanguage\":\"en-GB\",\"@id\":\"https:\/\/layth-reparation.ca\/pourquoi-choisir-layth-reparation-expert\/#primaryimage\",\"url\":\"https:\/\/layth-reparation.ca\/wp-content\/uploads\/2024\/12\/front-view-happy-repairman-sitting-near-washing-machine-making-thumb-up-sign-white-space-1-600x574.png\",\"contentUrl\":\"https:\/\/layth-reparation.ca\/wp-content\/uploads\/2024\/12\/front-view-happy-repairman-sitting-near-washing-machine-making-thumb-up-sign-white-space-1-600x574.png\"},{\"@type\":\"BreadcrumbList\",\"@id\":\"https:\/\/layth-reparation.ca\/pourquoi-choisir-layth-reparation-expert\/#breadcrumb\",\"itemListElement\":[{\"@type\":\"ListItem\",\"position\":1,\"name\":\"Accueil\",\"item\":\"https:\/\/layth-reparation.ca\/\"},{\"@type\":\"ListItem\",\"position\":2,\"name\":\"Pourquoi choisir Layth R\u00e9paration Expert\"}]},{\"@type\":\"WebSite\",\"@id\":\"https:\/\/layth-reparation.ca\/#website\",\"url\":\"https:\/\/layth-reparation.ca\/\",\"name\":\"Layth R\u00e9paration Expert\",\"description\":\"\",\"publisher\":{\"@id\":\"https:\/\/layth-reparation.ca\/#organization\"},\"potentialAction\":[{\"@type\":\"SearchAction\",\"target\":{\"@type\":\"EntryPoint\",\"urlTemplate\":\"https:\/\/layth-reparation.ca\/?s={search_term_string}\"},\"query-input\":{\"@type\":\"PropertyValueSpecification\",\"valueRequired\":true,\"valueName\":\"search_term_string\"}}],\"inLanguage\":\"en-GB\"},{\"@type\":\"Organization\",\"@id\":\"https:\/\/layth-reparation.ca\/#organization\",\"name\":\"Layth R\u00e9paration Expert\",\"url\":\"https:\/\/layth-reparation.ca\/\",\"logo\":{\"@type\":\"ImageObject\",\"inLanguage\":\"en-GB\",\"@id\":\"https:\/\/layth-reparation.ca\/#\/schema\/logo\/image\/\",\"url\":\"https:\/\/layth-reparation.ca\/wp-content\/uploads\/2024\/12\/cropped-logo.png\",\"contentUrl\":\"https:\/\/layth-reparation.ca\/wp-content\/uploads\/2024\/12\/cropped-logo.png\",\"width\":624,\"height\":336,\"caption\":\"Layth R\u00e9paration Expert\"},\"image\":{\"@id\":\"https:\/\/layth-reparation.ca\/#\/schema\/logo\/image\/\"}}]}<\/script>\n<!-- \/ Yoast SEO plugin. -->","yoast_head_json":{"title":"Pourquoi choisir Layth R\u00e9paration Expert - Layth R\u00e9paration Expert","robots":{"index":"index","follow":"follow","max-snippet":"max-snippet:-1","max-image-preview":"max-image-preview:large","max-video-preview":"max-video-preview:-1"},"canonical":"https:\/\/layth-reparation.ca\/en\/pourquoi-choisir-layth-reparation-expert\/","og_locale":"en_GB","og_type":"article","og_title":"Layth R\u00e9paration Expert","og_description":"Experts en r\u00e9paration et entretien pour vos \u00e9quipements de buanderie. Fiabilit\u00e9, rapidit\u00e9 et qualit\u00e9 garanties !","og_url":"https:\/\/layth-reparation.ca\/en\/pourquoi-choisir-layth-reparation-expert\/","og_site_name":"Layth R\u00e9paration Expert","article_modified_time":"2024-12-10T22:55:15+00:00","og_image":[{"width":1200,"height":630,"url":"https:\/\/layth-reparation.ca\/wp-content\/uploads\/2024\/12\/Link-Preview-Image3.png","type":"image\/png"}],"twitter_card":"summary_large_image","twitter_title":"Layth R\u00e9paration Expert","twitter_description":"Experts en r\u00e9paration et entretien pour vos \u00e9quipements de buanderie. Fiabilit\u00e9, rapidit\u00e9 et qualit\u00e9 garanties !","twitter_image":"https:\/\/layth-reparation.ca\/wp-content\/uploads\/2024\/12\/Link-Preview-Image3.png","twitter_misc":{"Estimated reading time":"5 minutes"},"schema":{"@context":"https:\/\/schema.org","@graph":[{"@type":"WebPage","@id":"https:\/\/layth-reparation.ca\/pourquoi-choisir-layth-reparation-expert\/","url":"https:\/\/layth-reparation.ca\/pourquoi-choisir-layth-reparation-expert\/","name":"Pourquoi choisir Layth R\u00e9paration Expert - Layth R\u00e9paration Expert","isPartOf":{"@id":"https:\/\/layth-reparation.ca\/#website"},"primaryImageOfPage":{"@id":"https:\/\/layth-reparation.ca\/pourquoi-choisir-layth-reparation-expert\/#primaryimage"},"image":{"@id":"https:\/\/layth-reparation.ca\/pourquoi-choisir-layth-reparation-expert\/#primaryimage"},"thumbnailUrl":"https:\/\/layth-reparation.ca\/wp-content\/uploads\/2024\/12\/front-view-happy-repairman-sitting-near-washing-machine-making-thumb-up-sign-white-space-1-600x574.png","datePublished":"2024-12-02T21:27:56+00:00","dateModified":"2024-12-10T22:55:15+00:00","breadcrumb":{"@id":"https:\/\/layth-reparation.ca\/pourquoi-choisir-layth-reparation-expert\/#breadcrumb"},"inLanguage":"en-GB","potentialAction":[{"@type":"ReadAction","target":["https:\/\/layth-reparation.ca\/pourquoi-choisir-layth-reparation-expert\/"]}]},{"@type":"ImageObject","inLanguage":"en-GB","@id":"https:\/\/layth-reparation.ca\/pourquoi-choisir-layth-reparation-expert\/#primaryimage","url":"https:\/\/layth-reparation.ca\/wp-content\/uploads\/2024\/12\/front-view-happy-repairman-sitting-near-washing-machine-making-thumb-up-sign-white-space-1-600x574.png","contentUrl":"https:\/\/layth-reparation.ca\/wp-content\/uploads\/2024\/12\/front-view-happy-repairman-sitting-near-washing-machine-making-thumb-up-sign-white-space-1-600x574.png"},{"@type":"BreadcrumbList","@id":"https:\/\/layth-reparation.ca\/pourquoi-choisir-layth-reparation-expert\/#breadcrumb","itemListElement":[{"@type":"ListItem","position":1,"name":"Accueil","item":"https:\/\/layth-reparation.ca\/"},{"@type":"ListItem","position":2,"name":"Pourquoi choisir Layth R\u00e9paration Expert"}]},{"@type":"WebSite","@id":"https:\/\/layth-reparation.ca\/#website","url":"https:\/\/layth-reparation.ca\/","name":"Layth R\u00e9paration Expert","description":"","publisher":{"@id":"https:\/\/layth-reparation.ca\/#organization"},"potentialAction":[{"@type":"SearchAction","target":{"@type":"EntryPoint","urlTemplate":"https:\/\/layth-reparation.ca\/?s={search_term_string}"},"query-input":{"@type":"PropertyValueSpecification","valueRequired":true,"valueName":"search_term_string"}}],"inLanguage":"en-GB"},{"@type":"Organization","@id":"https:\/\/layth-reparation.ca\/#organization","name":"Layth R\u00e9paration Expert","url":"https:\/\/layth-reparation.ca\/","logo":{"@type":"ImageObject","inLanguage":"en-GB","@id":"https:\/\/layth-reparation.ca\/#\/schema\/logo\/image\/","url":"https:\/\/layth-reparation.ca\/wp-content\/uploads\/2024\/12\/cropped-logo.png","contentUrl":"https:\/\/layth-reparation.ca\/wp-content\/uploads\/2024\/12\/cropped-logo.png","width":624,"height":336,"caption":"Layth R\u00e9paration Expert"},"image":{"@id":"https:\/\/layth-reparation.ca\/#\/schema\/logo\/image\/"}}]}},"featured_media_urls":[],"_links":{"self":[{"href":"https:\/\/layth-reparation.ca\/en\/wp-json\/wp\/v2\/pages\/37","targetHints":{"allow":["GET"]}}],"collection":[{"href":"https:\/\/layth-reparation.ca\/en\/wp-json\/wp\/v2\/pages"}],"about":[{"href":"https:\/\/layth-reparation.ca\/en\/wp-json\/wp\/v2\/types\/page"}],"author":[{"embeddable":true,"href":"https:\/\/layth-reparation.ca\/en\/wp-json\/wp\/v2\/users\/1"}],"replies":[{"embeddable":true,"href":"https:\/\/layth-reparation.ca\/en\/wp-json\/wp\/v2\/comments?post=37"}],"version-history":[{"count":103,"href":"https:\/\/layth-reparation.ca\/en\/wp-json\/wp\/v2\/pages\/37\/revisions"}],"predecessor-version":[{"id":8041,"href":"https:\/\/layth-reparation.ca\/en\/wp-json\/wp\/v2\/pages\/37\/revisions\/8041"}],"wp:attachment":[{"href":"https:\/\/layth-reparation.ca\/en\/wp-json\/wp\/v2\/media?parent=37"}],"curies":[{"name":"wp","href":"https:\/\/api.w.org\/{rel}","templated":true}]}}