{"id":628,"date":"2009-05-06T11:43:24","date_gmt":"2009-05-06T16:43:24","guid":{"rendered":"http:\/\/wpzoom.com\/zenko\/demo\/?page_id=3"},"modified":"2025-02-05T08:10:56","modified_gmt":"2025-02-05T08:10:56","slug":"contact","status":"publish","type":"page","link":"https:\/\/layth-reparation.ca\/en\/contact\/","title":{"rendered":"Contact"},"content":{"rendered":"<div data-elementor-type=\"wp-page\" data-elementor-id=\"628\" class=\"elementor elementor-628\">\n\t\t\t\t\t\t<section class=\"elementor-section elementor-top-section elementor-element elementor-element-e9a6140 elementor-section-boxed elementor-section-height-default elementor-section-height-default\" data-id=\"e9a6140\" data-element_type=\"section\">\n\t\t\t\t\t\t<div class=\"elementor-container elementor-column-gap-default\">\n\t\t\t\t\t\t<\/div>\n\t\t<\/section>\n\t\t\t\t<section class=\"elementor-section elementor-top-section elementor-element elementor-element-17c65841 elementor-section-boxed elementor-section-height-default elementor-section-height-default\" data-id=\"17c65841\" data-element_type=\"section\">\n\t\t\t\t\t\t<div class=\"elementor-container elementor-column-gap-default\">\n\t\t\t\t\t\t<\/div>\n\t\t<\/section>\n\t\t<div class=\"elementor-element elementor-element-38c928d e-flex e-con-boxed e-con e-parent\" data-id=\"38c928d\" data-element_type=\"container\">\n\t\t\t\t\t<div class=\"e-con-inner\">\n\t\t\t\t<div class=\"elementor-element elementor-element-2a4237e elementor-widget elementor-widget-heading\" data-id=\"2a4237e\" data-element_type=\"widget\" data-widget_type=\"heading.default\">\n\t\t\t\t<div class=\"elementor-widget-container\">\n\t\t\t<h2 class=\"elementor-heading-title elementor-size-default\">Contact us<\/h2>\t\t<\/div>\n\t\t\t\t<\/div>\n\t\t\t\t\t<\/div>\n\t\t\t\t<\/div>\n\t\t<div class=\"elementor-element elementor-element-d15194d e-flex e-con-boxed e-con e-parent\" data-id=\"d15194d\" data-element_type=\"container\">\n\t\t\t\t\t<div class=\"e-con-inner\">\n\t\t<div class=\"elementor-element elementor-element-8884025 e-con-full e-flex e-con e-child\" data-id=\"8884025\" data-element_type=\"container\">\n\t\t\t\t<div class=\"elementor-element elementor-element-e3f3946 elementor-widget elementor-widget-text-editor\" data-id=\"e3f3946\" data-element_type=\"widget\" data-widget_type=\"text-editor.default\">\n\t\t\t\t<div class=\"elementor-widget-container\">\n\t\t\t\t\t\t\t<h3>Email address<\/h3><h4><a style=\"color: #0099ff;\" href=\"mailto:laythlaundry24@gmail.com\"><b>laythlaundry24@gmail.com<\/b><\/a><\/h4>\t\t\t\t\t\t<\/div>\n\t\t\t\t<\/div>\n\t\t\t\t<div class=\"elementor-element elementor-element-36d05d3 elementor-widget elementor-widget-text-editor\" data-id=\"36d05d3\" data-element_type=\"widget\" data-widget_type=\"text-editor.default\">\n\t\t\t\t<div class=\"elementor-widget-container\">\n\t\t\t\t\t\t\t<h3>Our phone number<\/h3><h4><a style=\"color: #0099ff;\" href=\"tel: 1 514-604-0633\">+1 514-604-0633<\/a><\/h4>\t\t\t\t\t\t<\/div>\n\t\t\t\t<\/div>\n\t\t\t\t<div class=\"elementor-element elementor-element-ca7fc7c elementor-widget elementor-widget-text-editor\" data-id=\"ca7fc7c\" data-element_type=\"widget\" data-widget_type=\"text-editor.default\">\n\t\t\t\t<div class=\"elementor-widget-container\">\n\t\t\t\t\t\t\t<h3>Our address<\/h3><h4><a style=\"color: #0099ff;\" href=\"#map\">4-6996 Fabre Street,<\/a><\/h4><h4><a style=\"color: #0099ff;\" href=\"#map\">Montreal, Quebec H2E 2B2<\/a><\/h4>\t\t\t\t\t\t<\/div>\n\t\t\t\t<\/div>\n\t\t\t\t<div class=\"elementor-element elementor-element-b3913fb elementor-widget elementor-widget-text-editor\" data-id=\"b3913fb\" data-element_type=\"widget\" data-widget_type=\"text-editor.default\">\n\t\t\t\t<div class=\"elementor-widget-container\">\n\t\t\t\t\t\t\t<h3>Follow us<\/h3>\t\t\t\t\t\t<\/div>\n\t\t\t\t<\/div>\n\t\t\t\t<div class=\"elementor-element elementor-element-8f0f569 elementor-widget elementor-widget-shortcode\" data-id=\"8f0f569\" data-element_type=\"widget\" data-widget_type=\"shortcode.default\">\n\t\t\t\t<div class=\"elementor-widget-container\">\n\t\t\t\t\t<div class=\"elementor-shortcode\"><section class=\"zoom-social-icons-shortcode\">\n\t\t\n<ul class=\"zoom-social-icons-list zoom-social-icons-list--with-canvas zoom-social-icons-list--round zoom-social-icons-list--no-labels\">\n\n\t\t\n\t\t\t\t<li class=\"zoom-social_icons-list__item\">\n\t\t<a class=\"zoom-social_icons-list__link\" href=\"https:\/\/www.facebook.com\/profile.php?id=61569490277004\" target=\"_blank\" title=\"Facebook\" >\n\t\t\t\t\t\t\t\t\t\n\t\t\t\t\t\t<span class=\"screen-reader-text\">facebook<\/span>\n\t\t\t\n\t\t\t\t\t\t<span class=\"zoom-social_icons-list-span social-icon socicon socicon-facebook\" data-hover-rule=\"background-color\" data-hover-color=\"#0a0a0a\" style=\"background-color : #0099ff; font-size: 18px; padding:8px\" ><\/span>\n\t\t\t\n\t\t\t\t\t<\/a>\n\t<\/li>\n\n\t\n\t\t\t\t<li class=\"zoom-social_icons-list__item\">\n\t\t<a class=\"zoom-social_icons-list__link\" href=\"https:\/\/www.instagram.com\/layth.reparation\/\" target=\"_blank\" title=\"Instagram\" >\n\t\t\t\t\t\t\t\t\t\n\t\t\t\t\t\t<span class=\"screen-reader-text\">instagram<\/span>\n\t\t\t\n\t\t\t\t\t\t<span class=\"zoom-social_icons-list-span social-icon socicon socicon-instagram\" data-hover-rule=\"background-color\" data-hover-color=\"#0a0a0a\" style=\"background-color : #0099ff; font-size: 18px; padding:8px\" ><\/span>\n\t\t\t\n\t\t\t\t\t<\/a>\n\t<\/li>\n\n\t\n\t\t\t\t<li class=\"zoom-social_icons-list__item\">\n\t\t<a class=\"zoom-social_icons-list__link\" href=\"https:\/\/www.linkedin.com\/in\/layth-r%C3%A9paration-expert\/\" target=\"_blank\" title=\"Linked-In\" >\n\t\t\t\t\t\t\t\t\t\n\t\t\t\t\t\t<span class=\"screen-reader-text\">linkedin<\/span>\n\t\t\t\n\t\t\t\t\t\t<span class=\"zoom-social_icons-list-span social-icon socicon socicon-linkedin\" data-hover-rule=\"background-color\" data-hover-color=\"#0a0a0a\" style=\"background-color : #0099ff; font-size: 18px; padding:8px\" ><\/span>\n\t\t\t\n\t\t\t\t\t<\/a>\n\t<\/li>\n\n\t\n\t\t\t\t<li class=\"zoom-social_icons-list__item\">\n\t\t<a class=\"zoom-social_icons-list__link\" href=\"https:\/\/www.youtube.com\/channel\/UClBQq3YdQkze43Oc5T04D0A\" target=\"_blank\" title=\"Youtube\" >\n\t\t\t\t\t\t\t\t\t\n\t\t\t\t\t\t<span class=\"screen-reader-text\">youtube<\/span>\n\t\t\t\n\t\t\t\t\t\t<span class=\"zoom-social_icons-list-span social-icon socicon socicon-youtube\" data-hover-rule=\"background-color\" data-hover-color=\"#0a0a0a\" style=\"background-color : #0099ff; font-size: 18px; padding:8px\" ><\/span>\n\t\t\t\n\t\t\t\t\t<\/a>\n\t<\/li>\n\n\t\n<\/ul>\n\n\t\t<\/section><\/div>\n\t\t\t\t<\/div>\n\t\t\t\t<\/div>\n\t\t\t\t<\/div>\n\t\t<div class=\"elementor-element elementor-element-f284755 e-con-full e-flex e-con e-child\" data-id=\"f284755\" data-element_type=\"container\" data-settings=\"{&quot;background_background&quot;:&quot;classic&quot;}\">\n\t\t\t\t<div class=\"elementor-element elementor-element-857aff3 elementor-widget elementor-widget-wpzoom-forms-widget-cpt\" data-id=\"857aff3\" data-element_type=\"widget\" data-widget_type=\"wpzoom-forms-widget-cpt.default\">\n\t\t\t\t<div class=\"elementor-widget-container\">\n\t\t\t<!-- ZOOM Forms Start -->\n\t\t\t<form id=\"wpzf-29\" method=\"post\" action=\"https:\/\/layth-reparation.ca\/wp-admin\/admin-post.php\" class=\"wpzoom-forms_form\">\n\t\t\t<input type=\"hidden\" name=\"action\" value=\"wpzf_submit\" \/>\n\t\t\t<input type=\"hidden\" name=\"form_id\" value=\"29\" \/>\n\t\t\t<input type=\"hidden\" id=\"_wpnonce\" name=\"_wpnonce\" value=\"9db6311d39\" \/><input type=\"hidden\" name=\"_wp_http_referer\" value=\"\/en\/wp-json\/wp\/v2\/pages\/628\" \/>\n\t\t\t\n\t\t\t\n<div class=\"wp-block-wpzoom-forms-form\">\n<div class=\"wp-block-group\">\n<div class=\"wp-block-columns\">\n<div class=\"wp-block-column\" style=\"flex-basis:100%\">\n<label for=\"input_name\"><label for=\"input_name\">Name<\/label><sup class=\"wp-block-wpzoom-forms-required\">*<\/sup><\/label><input type=\"text\" name=\"wpzf_input_name\" id=\"input_name\" placeholder=\"\" required class=\"wp-block-wpzoom-forms-text-name-field fullwidth\"\/>\n\n\n\n<label for=\"input_email\"><label for=\"input_email\">Email address<\/label><sup class=\"wp-block-wpzoom-forms-required\">*<\/sup><\/label><input type=\"email\" name=\"wpzf_input_email\" id=\"input_email\" placeholder=\"\" required data-replyto=\"true\" class=\"wp-block-wpzoom-forms-text-email-field fullwidth\"\/>\n\n\n\n<label for=\"input_subject\"><label for=\"input_subject\">Subject<\/label><sup class=\"wp-block-wpzoom-forms-required\">*<\/sup><\/label><input type=\"text\" name=\"wpzf_input_subject\" id=\"input_subject\" placeholder=\"\" required data-subject=\"true\" class=\"wp-block-wpzoom-forms-text-plain-field fullwidth\"\/>\n\n\n\n<label for=\"input_message\"><label for=\"input_message\">Message<\/label><sup class=\"wp-block-wpzoom-forms-required\">*<\/sup><\/label><textarea name=\"wpzf_input_message\" id=\"input_message\" cols=\"55\" rows=\"10\" placeholder=\"\" required class=\"wp-block-wpzoom-forms-textarea-field fullwidth\"><\/textarea>\n<\/div>\n<\/div>\n\n\n\n<div class=\"wp-block-columns\">\n<div class=\"wp-block-column\" style=\"flex-basis:30%\">\n<input type=\"submit\" id=\"input_submit\" value=\"Send\" class=\"wp-block-wpzoom-forms-submit-field is-style-modern\"\/>\n<\/div>\n\n\n\n<div class=\"wp-block-column is-vertically-aligned-center\">\n<p class=\"has-text-align-right\">Fields marked with an * are required.<\/p>\n<\/div>\n<\/div>\n<\/div>\n<\/div>\n\n\n\n<p><\/p>\n\n\t\t\t<input type=\"hidden\" name=\"wpzf_replyto\" value=\"wpzf_input_email\" \/><input type=\"hidden\" name=\"wpzf_subject\" value=\"wpzf_input_subject\" \/><\/form>\n\t\t\t<!-- ZOOM Forms End -->\t\t<\/div>\n\t\t\t\t<\/div>\n\t\t\t\t<div class=\"elementor-element elementor-element-7a9a6ff elementor-widget elementor-widget-heading\" data-id=\"7a9a6ff\" data-element_type=\"widget\" data-widget_type=\"heading.default\">\n\t\t\t\t<div class=\"elementor-widget-container\">\n\t\t\t<h3 class=\"elementor-heading-title elementor-size-default\">Send us a message<\/h3>\t\t<\/div>\n\t\t\t\t<\/div>\n\t\t\t\t<\/div>\n\t\t\t\t\t<\/div>\n\t\t\t\t<\/div>\n\t\t\t\t<section class=\"elementor-section elementor-top-section elementor-element elementor-element-3d71d871 elementor-section-full_width elementor-section-height-default elementor-section-height-default\" data-id=\"3d71d871\" data-element_type=\"section\" data-settings=\"{&quot;background_background&quot;:&quot;classic&quot;}\">\n\t\t\t\t\t\t<div class=\"elementor-container elementor-column-gap-default\">\n\t\t\t\t\t<div class=\"elementor-column elementor-col-100 elementor-top-column elementor-element elementor-element-64dabaca\" data-id=\"64dabaca\" data-element_type=\"column\" data-settings=\"{&quot;background_background&quot;:&quot;classic&quot;}\">\n\t\t\t<div class=\"elementor-widget-wrap elementor-element-populated\">\n\t\t\t\t\t\t<div class=\"elementor-element elementor-element-3e9394e4 maptitle elementor-widget elementor-widget-heading\" data-id=\"3e9394e4\" data-element_type=\"widget\" id=\"maptitle\" data-widget_type=\"heading.default\">\n\t\t\t\t<div class=\"elementor-widget-container\">\n\t\t\t<h2 class=\"elementor-heading-title elementor-size-default\">Our address<\/h2>\t\t<\/div>\n\t\t\t\t<\/div>\n\t\t\t\t<div class=\"elementor-element elementor-element-5fb5a39b elementor-widget-tablet__width-inherit elementor-widget-mobile__width-inherit elementor-widget elementor-widget-text-editor\" data-id=\"5fb5a39b\" data-element_type=\"widget\" data-widget_type=\"text-editor.default\">\n\t\t\t\t<div class=\"elementor-widget-container\">\n\t\t\t\t\t\t\t<p>4-6996 Fabre Street, Montreal, Quebec H2E 2B2<\/p>\t\t\t\t\t\t<\/div>\n\t\t\t\t<\/div>\n\t\t\t\t<div class=\"elementor-element elementor-element-7ab7015a map elementor-widget elementor-widget-google_maps\" data-id=\"7ab7015a\" data-element_type=\"widget\" id=\"map\" data-widget_type=\"google_maps.default\">\n\t\t\t\t<div class=\"elementor-widget-container\">\n\t\t\t\t\t<div class=\"elementor-custom-embed\">\n\t\t\t<iframe loading=\"lazy\"\n\t\t\t\t\tsrc=\"https:\/\/maps.google.com\/maps?q=4-6996%20Rue%20Fabre%2C%20Montr%C3%A9al%20Qu%C3%A9bec%20H2E%202B2&#038;t=m&#038;z=14&#038;output=embed&#038;iwloc=near\"\n\t\t\t\t\ttitle=\"4-6996 Fabre Street, Montreal, Quebec H2E 2B2\"\n\t\t\t\t\taria-label=\"4-6996 Fabre Street, Montreal, Quebec H2E 2B2\"\n\t\t\t><\/iframe>\n\t\t<\/div>\n\t\t\t\t<\/div>\n\t\t\t\t<\/div>\n\t\t\t\t\t<\/div>\n\t\t<\/div>\n\t\t\t\t\t<\/div>\n\t\t<\/section>\n\t\t\t\t<\/div>","protected":false},"excerpt":{"rendered":"<p>Contactez-nous Adresse e-mail laythlaundry24@gmail.com Notre num\u00e9ro de t\u00e9l\u00e9phone +1 514-604-0633 Notre adresse 4-6996 Rue Fabre, Montr\u00e9al Qu\u00e9bec H2E 2B2 Suivez-nous Envoyez-nous un message Notre Adresse 4-6996 Rue Fabre, Montr\u00e9al Qu\u00e9bec H2E 2B2<\/p>","protected":false},"author":1,"featured_media":0,"parent":0,"menu_order":0,"comment_status":"closed","ping_status":"closed","template":"page-templates\/no-title.php","meta":{"footnotes":""},"class_list":["post-628","page","type-page","status-publish","hentry"],"yoast_head":"<!-- This site is optimized with the Yoast SEO plugin v24.0 - https:\/\/yoast.com\/wordpress\/plugins\/seo\/ -->\n<title>Contact - Layth R\u00e9paration Expert<\/title>\n<meta name=\"description\" content=\"Adresse e-mail: laythlaundry24@gmail.com Notre num\u00e9ro de t\u00e9l\u00e9phone: +1 438-454-4709 Notre adresse: 4-6996 Rue Fabre, Montr\u00e9al Qu\u00e9bec H2E 2B2\" \/>\n<meta name=\"robots\" content=\"index, follow, max-snippet:-1, max-image-preview:large, max-video-preview:-1\" \/>\n<link rel=\"canonical\" href=\"https:\/\/layth-reparation.ca\/en\/contact\/\" \/>\n<meta property=\"og:locale\" content=\"en_GB\" \/>\n<meta property=\"og:type\" content=\"article\" \/>\n<meta property=\"og:title\" content=\"Layth R\u00e9paration Expert\" \/>\n<meta property=\"og:description\" content=\"Experts en r\u00e9paration et entretien pour vos \u00e9quipements de buanderie. Fiabilit\u00e9, rapidit\u00e9 et qualit\u00e9 garanties !\" \/>\n<meta property=\"og:url\" content=\"https:\/\/layth-reparation.ca\/en\/contact\/\" \/>\n<meta property=\"og:site_name\" content=\"Layth R\u00e9paration Expert\" \/>\n<meta property=\"article:modified_time\" content=\"2025-02-05T08:10:56+00:00\" \/>\n<meta property=\"og:image\" content=\"https:\/\/layth-reparation.ca\/wp-content\/uploads\/2024\/12\/Link-Preview-Image3.png\" \/>\n\t<meta property=\"og:image:width\" content=\"1200\" \/>\n\t<meta property=\"og:image:height\" content=\"630\" \/>\n\t<meta property=\"og:image:type\" content=\"image\/png\" \/>\n<meta name=\"twitter:card\" content=\"summary_large_image\" \/>\n<meta name=\"twitter:title\" content=\"Layth R\u00e9paration Expert\" \/>\n<meta name=\"twitter:description\" content=\"Experts en r\u00e9paration et entretien pour vos \u00e9quipements de buanderie. Fiabilit\u00e9, rapidit\u00e9 et qualit\u00e9 garanties !\" \/>\n<meta name=\"twitter:image\" content=\"https:\/\/layth-reparation.ca\/wp-content\/uploads\/2024\/12\/Link-Preview-Image3.png\" \/>\n<meta name=\"twitter:label1\" content=\"Estimated reading time\" \/>\n\t<meta name=\"twitter:data1\" content=\"1 minute\" \/>\n<script type=\"application\/ld+json\" class=\"yoast-schema-graph\">{\"@context\":\"https:\/\/schema.org\",\"@graph\":[{\"@type\":\"WebPage\",\"@id\":\"https:\/\/layth-reparation.ca\/contact\/\",\"url\":\"https:\/\/layth-reparation.ca\/contact\/\",\"name\":\"Contact - Layth R\u00e9paration Expert\",\"isPartOf\":{\"@id\":\"https:\/\/layth-reparation.ca\/#website\"},\"datePublished\":\"2009-05-06T16:43:24+00:00\",\"dateModified\":\"2025-02-05T08:10:56+00:00\",\"description\":\"Adresse e-mail: laythlaundry24@gmail.com Notre num\u00e9ro de t\u00e9l\u00e9phone: +1 438-454-4709 Notre adresse: 4-6996 Rue Fabre, Montr\u00e9al Qu\u00e9bec H2E 2B2\",\"breadcrumb\":{\"@id\":\"https:\/\/layth-reparation.ca\/contact\/#breadcrumb\"},\"inLanguage\":\"en-GB\",\"potentialAction\":[{\"@type\":\"ReadAction\",\"target\":[\"https:\/\/layth-reparation.ca\/contact\/\"]}]},{\"@type\":\"BreadcrumbList\",\"@id\":\"https:\/\/layth-reparation.ca\/contact\/#breadcrumb\",\"itemListElement\":[{\"@type\":\"ListItem\",\"position\":1,\"name\":\"Accueil\",\"item\":\"https:\/\/layth-reparation.ca\/\"},{\"@type\":\"ListItem\",\"position\":2,\"name\":\"Contact\"}]},{\"@type\":\"WebSite\",\"@id\":\"https:\/\/layth-reparation.ca\/#website\",\"url\":\"https:\/\/layth-reparation.ca\/\",\"name\":\"Layth R\u00e9paration Expert\",\"description\":\"\",\"publisher\":{\"@id\":\"https:\/\/layth-reparation.ca\/#organization\"},\"potentialAction\":[{\"@type\":\"SearchAction\",\"target\":{\"@type\":\"EntryPoint\",\"urlTemplate\":\"https:\/\/layth-reparation.ca\/?s={search_term_string}\"},\"query-input\":{\"@type\":\"PropertyValueSpecification\",\"valueRequired\":true,\"valueName\":\"search_term_string\"}}],\"inLanguage\":\"en-GB\"},{\"@type\":\"Organization\",\"@id\":\"https:\/\/layth-reparation.ca\/#organization\",\"name\":\"Layth R\u00e9paration Expert\",\"url\":\"https:\/\/layth-reparation.ca\/\",\"logo\":{\"@type\":\"ImageObject\",\"inLanguage\":\"en-GB\",\"@id\":\"https:\/\/layth-reparation.ca\/#\/schema\/logo\/image\/\",\"url\":\"https:\/\/layth-reparation.ca\/wp-content\/uploads\/2024\/12\/cropped-logo.png\",\"contentUrl\":\"https:\/\/layth-reparation.ca\/wp-content\/uploads\/2024\/12\/cropped-logo.png\",\"width\":624,\"height\":336,\"caption\":\"Layth R\u00e9paration Expert\"},\"image\":{\"@id\":\"https:\/\/layth-reparation.ca\/#\/schema\/logo\/image\/\"}}]}<\/script>\n<!-- \/ Yoast SEO plugin. -->","yoast_head_json":{"title":"Contact - Layth R\u00e9paration Expert","description":"Adresse e-mail: laythlaundry24@gmail.com Notre num\u00e9ro de t\u00e9l\u00e9phone: +1 438-454-4709 Notre adresse: 4-6996 Rue Fabre, Montr\u00e9al Qu\u00e9bec H2E 2B2","robots":{"index":"index","follow":"follow","max-snippet":"max-snippet:-1","max-image-preview":"max-image-preview:large","max-video-preview":"max-video-preview:-1"},"canonical":"https:\/\/layth-reparation.ca\/en\/contact\/","og_locale":"en_GB","og_type":"article","og_title":"Layth R\u00e9paration Expert","og_description":"Experts en r\u00e9paration et entretien pour vos \u00e9quipements de buanderie. Fiabilit\u00e9, rapidit\u00e9 et qualit\u00e9 garanties !","og_url":"https:\/\/layth-reparation.ca\/en\/contact\/","og_site_name":"Layth R\u00e9paration Expert","article_modified_time":"2025-02-05T08:10:56+00:00","og_image":[{"width":1200,"height":630,"url":"https:\/\/layth-reparation.ca\/wp-content\/uploads\/2024\/12\/Link-Preview-Image3.png","type":"image\/png"}],"twitter_card":"summary_large_image","twitter_title":"Layth R\u00e9paration Expert","twitter_description":"Experts en r\u00e9paration et entretien pour vos \u00e9quipements de buanderie. Fiabilit\u00e9, rapidit\u00e9 et qualit\u00e9 garanties !","twitter_image":"https:\/\/layth-reparation.ca\/wp-content\/uploads\/2024\/12\/Link-Preview-Image3.png","twitter_misc":{"Estimated reading time":"1 minute"},"schema":{"@context":"https:\/\/schema.org","@graph":[{"@type":"WebPage","@id":"https:\/\/layth-reparation.ca\/contact\/","url":"https:\/\/layth-reparation.ca\/contact\/","name":"Contact - Layth R\u00e9paration Expert","isPartOf":{"@id":"https:\/\/layth-reparation.ca\/#website"},"datePublished":"2009-05-06T16:43:24+00:00","dateModified":"2025-02-05T08:10:56+00:00","description":"Adresse e-mail: laythlaundry24@gmail.com Notre num\u00e9ro de t\u00e9l\u00e9phone: +1 438-454-4709 Notre adresse: 4-6996 Rue Fabre, Montr\u00e9al Qu\u00e9bec H2E 2B2","breadcrumb":{"@id":"https:\/\/layth-reparation.ca\/contact\/#breadcrumb"},"inLanguage":"en-GB","potentialAction":[{"@type":"ReadAction","target":["https:\/\/layth-reparation.ca\/contact\/"]}]},{"@type":"BreadcrumbList","@id":"https:\/\/layth-reparation.ca\/contact\/#breadcrumb","itemListElement":[{"@type":"ListItem","position":1,"name":"Accueil","item":"https:\/\/layth-reparation.ca\/"},{"@type":"ListItem","position":2,"name":"Contact"}]},{"@type":"WebSite","@id":"https:\/\/layth-reparation.ca\/#website","url":"https:\/\/layth-reparation.ca\/","name":"Layth R\u00e9paration Expert","description":"","publisher":{"@id":"https:\/\/layth-reparation.ca\/#organization"},"potentialAction":[{"@type":"SearchAction","target":{"@type":"EntryPoint","urlTemplate":"https:\/\/layth-reparation.ca\/?s={search_term_string}"},"query-input":{"@type":"PropertyValueSpecification","valueRequired":true,"valueName":"search_term_string"}}],"inLanguage":"en-GB"},{"@type":"Organization","@id":"https:\/\/layth-reparation.ca\/#organization","name":"Layth R\u00e9paration Expert","url":"https:\/\/layth-reparation.ca\/","logo":{"@type":"ImageObject","inLanguage":"en-GB","@id":"https:\/\/layth-reparation.ca\/#\/schema\/logo\/image\/","url":"https:\/\/layth-reparation.ca\/wp-content\/uploads\/2024\/12\/cropped-logo.png","contentUrl":"https:\/\/layth-reparation.ca\/wp-content\/uploads\/2024\/12\/cropped-logo.png","width":624,"height":336,"caption":"Layth R\u00e9paration Expert"},"image":{"@id":"https:\/\/layth-reparation.ca\/#\/schema\/logo\/image\/"}}]}},"featured_media_urls":[],"_links":{"self":[{"href":"https:\/\/layth-reparation.ca\/en\/wp-json\/wp\/v2\/pages\/628","targetHints":{"allow":["GET"]}}],"collection":[{"href":"https:\/\/layth-reparation.ca\/en\/wp-json\/wp\/v2\/pages"}],"about":[{"href":"https:\/\/layth-reparation.ca\/en\/wp-json\/wp\/v2\/types\/page"}],"author":[{"embeddable":true,"href":"https:\/\/layth-reparation.ca\/en\/wp-json\/wp\/v2\/users\/1"}],"replies":[{"embeddable":true,"href":"https:\/\/layth-reparation.ca\/en\/wp-json\/wp\/v2\/comments?post=628"}],"version-history":[{"count":133,"href":"https:\/\/layth-reparation.ca\/en\/wp-json\/wp\/v2\/pages\/628\/revisions"}],"predecessor-version":[{"id":8107,"href":"https:\/\/layth-reparation.ca\/en\/wp-json\/wp\/v2\/pages\/628\/revisions\/8107"}],"wp:attachment":[{"href":"https:\/\/layth-reparation.ca\/en\/wp-json\/wp\/v2\/media?parent=628"}],"curies":[{"name":"wp","href":"https:\/\/api.w.org\/{rel}","templated":true}]}}