{"id":6952,"date":"2024-12-02T23:00:27","date_gmt":"2024-12-02T23:00:27","guid":{"rendered":"http:\/\/laythrh.cluster051.hosting.ovh.net\/?page_id=6952"},"modified":"2024-12-10T23:20:09","modified_gmt":"2024-12-10T23:20:09","slug":"garantie","status":"publish","type":"page","link":"https:\/\/layth-reparation.ca\/en\/garantie\/","title":{"rendered":"warranty"},"content":{"rendered":"<div data-elementor-type=\"wp-page\" data-elementor-id=\"6952\" class=\"elementor elementor-6952\">\n\t\t\t\t<div class=\"elementor-element elementor-element-c025955 e-flex e-con-boxed e-con e-parent\" data-id=\"c025955\" data-element_type=\"container\">\n\t\t\t\t\t<div class=\"e-con-inner\">\n\t\t<div class=\"elementor-element elementor-element-fa9a877 e-con-full e-flex e-con e-child\" data-id=\"fa9a877\" data-element_type=\"container\">\n\t\t\t\t<div class=\"elementor-element elementor-element-462f507 elementor-widget elementor-widget-heading\" data-id=\"462f507\" data-element_type=\"widget\" data-widget_type=\"heading.default\">\n\t\t\t\t<div class=\"elementor-widget-container\">\n\t\t\t<h1 class=\"elementor-heading-title elementor-size-default\">warranty<\/h1>\t\t<\/div>\n\t\t\t\t<\/div>\n\t\t\t\t<div class=\"elementor-element elementor-element-4fe8ecc elementor-widget elementor-widget-heading\" data-id=\"4fe8ecc\" data-element_type=\"widget\" data-widget_type=\"heading.default\">\n\t\t\t\t<div class=\"elementor-widget-container\">\n\t\t\t<h2 class=\"elementor-heading-title elementor-size-default\">Your peace of mind, our priority.<\/h2>\t\t<\/div>\n\t\t\t\t<\/div>\n\t\t\t\t<\/div>\n\t\t\t\t\t<\/div>\n\t\t\t\t<\/div>\n\t\t<div class=\"elementor-element elementor-element-f2b8ab7 e-flex e-con-boxed e-con e-parent\" data-id=\"f2b8ab7\" data-element_type=\"container\">\n\t\t\t\t\t<div class=\"e-con-inner\">\n\t\t<div class=\"elementor-element elementor-element-176626d e-con-full e-flex e-con e-child\" data-id=\"176626d\" data-element_type=\"container\">\n\t\t\t\t<div class=\"elementor-element elementor-element-45049fa elementor-widget elementor-widget-text-editor\" data-id=\"45049fa\" data-element_type=\"widget\" data-widget_type=\"text-editor.default\">\n\t\t\t\t<div class=\"elementor-widget-container\">\n\t\t\t\t\t\t\tAt <strong>Layth Repair Expert<\/strong>, we are convinced that the quality of our work is the key to lasting satisfaction. That\u2019s why we offer a full warranty on all our interventions, to ensure you complete peace of mind after the repair\n<\/br>\n<\/br>\n<strong>Our warranty includes:<\/strong>\n\n<\/br>\n<ol>\n \t<li><strong>Coverage of parts and labor:<\/strong>\n<ul>\n \t<li>If a failure related to the same defect occurs again, we will cover the necessary repairs free of charge.<\/li>\n \t<li>This warranty lasts for one year from the date of the intervention.<\/li>\n<\/ul>\n<\/li>\n \t<li><strong>Commitment to quality:<\/strong>\n<ul>\n \t<li>All parts used are certified and of high quality to ensure their durability.<\/li>\n \t<li>Our qualified technicians do everything possible to repair your equipment according to the highest standards.<\/li>\n<\/ul>\n<\/li>\n \t<li><strong>After-sales service at your service:<\/strong>\n<ul>\n \t<li>Have questions or concerns after a repair? Our team is available to assist you and address your needs.<\/li>\n<\/ul>\n<\/li>\n<\/ol>\t\t\t\t\t\t<\/div>\n\t\t\t\t<\/div>\n\t\t\t\t<\/div>\n\t\t\t\t\t<\/div>\n\t\t\t\t<\/div>\n\t\t<div class=\"elementor-element elementor-element-e82fb77 e-flex e-con-boxed e-con e-parent\" data-id=\"e82fb77\" data-element_type=\"container\">\n\t\t\t\t\t<div class=\"e-con-inner\">\n\t\t<div class=\"elementor-element elementor-element-e9d1628 e-con-full e-flex e-con e-child\" data-id=\"e9d1628\" data-element_type=\"container\">\n\t\t\t\t<div class=\"elementor-element elementor-element-d461722 elementor-widget elementor-widget-image\" data-id=\"d461722\" data-element_type=\"widget\" data-widget_type=\"image.default\">\n\t\t\t\t<div class=\"elementor-widget-container\">\n\t\t\t\t\t\t\t\t\t\t\t\t\t<img fetchpriority=\"high\" decoding=\"async\" width=\"555\" height=\"501\" src=\"https:\/\/layth-reparation.ca\/wp-content\/uploads\/2024\/12\/guarantee.png\" class=\"attachment-full size-full wp-image-7545\" alt=\"Layth R\u00e9paration Expert garantie\" srcset=\"https:\/\/layth-reparation.ca\/wp-content\/uploads\/2024\/12\/Group-33.png 555w, https:\/\/layth-reparation.ca\/wp-content\/uploads\/2024\/12\/Group-33-300x271.png 300w, https:\/\/layth-reparation.ca\/wp-content\/uploads\/2024\/12\/Group-33-13x12.png 13w\" sizes=\"100vw\" \/>\t\t\t\t\t\t\t\t\t\t\t\t\t<\/div>\n\t\t\t\t<\/div>\n\t\t\t\t<div class=\"elementor-element elementor-element-21388c4 elementor-widget elementor-widget-text-editor\" data-id=\"21388c4\" data-element_type=\"widget\" data-widget_type=\"text-editor.default\">\n\t\t\t\t<div class=\"elementor-widget-container\">\n\t\t\t\t\t\t\t<strong>How to benefit from the warranty?<\/strong>\n\n \t<li>Keep your invoice or proof of intervention.<\/li>\n \t<li>In case of an issue, contact our customer service with the details of the breakdown.<\/li>\n \t<li>Our technicians will respond quickly to resolve the situation.<\/li>\n\t\t\t\t\t\t<\/div>\n\t\t\t\t<\/div>\n\t\t\t\t<\/div>\n\t\t\t\t\t<\/div>\n\t\t\t\t<\/div>\n\t\t<div class=\"elementor-element elementor-element-1a96480 e-flex e-con-boxed e-con e-parent\" data-id=\"1a96480\" data-element_type=\"container\">\n\t\t\t\t\t<div class=\"e-con-inner\">\n\t\t\t\t<div class=\"elementor-element elementor-element-7f6f4ba elementor-widget elementor-widget-spacer\" data-id=\"7f6f4ba\" data-element_type=\"widget\" data-widget_type=\"spacer.default\">\n\t\t\t\t<div class=\"elementor-widget-container\">\n\t\t\t\t\t<div class=\"elementor-spacer\">\n\t\t\t<div class=\"elementor-spacer-inner\"><\/div>\n\t\t<\/div>\n\t\t\t\t<\/div>\n\t\t\t\t<\/div>\n\t\t\t\t\t<\/div>\n\t\t\t\t<\/div>\n\t\t\t\t<\/div>","protected":false},"excerpt":{"rendered":"<p>Garantie Votre tranquillit\u00e9 d&rsquo;esprit, notre priorit\u00e9\u200b Chez Layth R\u00e9paration Expert, nous sommes convaincus que la qualit\u00e9 de notre travail est la cl\u00e9 d\u2019une satisfaction durable. C\u2019est pourquoi nous offrons une garantie compl\u00e8te sur toutes nos interventions, afin de vous assurer une totale s\u00e9r\u00e9nit\u00e9 apr\u00e8s la r\u00e9paration. Notre garantie inclut : Couverture des pi\u00e8ces et de &hellip; <\/p>\n<p class=\"link-more\"><a href=\"https:\/\/layth-reparation.ca\/en\/garantie\/\" class=\"more-link\">Read more<span class=\"screen-reader-text\"> \u00ab\u00a0Garantie\u00a0\u00bb<\/span><\/a><\/p>","protected":false},"author":1,"featured_media":0,"parent":0,"menu_order":0,"comment_status":"closed","ping_status":"closed","template":"","meta":{"footnotes":""},"class_list":["post-6952","page","type-page","status-publish","hentry"],"yoast_head":"<!-- This site is optimized with the Yoast SEO plugin v24.0 - https:\/\/yoast.com\/wordpress\/plugins\/seo\/ -->\n<title>Garantie - Layth R\u00e9paration Expert<\/title>\n<meta name=\"description\" content=\"Experts en r\u00e9paration et entretien pour vos \u00e9quipements de buanderie. Fiabilit\u00e9, rapidit\u00e9 et qualit\u00e9 garanties !\" \/>\n<meta name=\"robots\" content=\"index, follow, max-snippet:-1, max-image-preview:large, max-video-preview:-1\" \/>\n<link rel=\"canonical\" href=\"https:\/\/layth-reparation.ca\/en\/garantie\/\" \/>\n<meta property=\"og:locale\" content=\"en_GB\" \/>\n<meta property=\"og:type\" content=\"article\" \/>\n<meta property=\"og:title\" content=\"Layth R\u00e9paration Expert\" \/>\n<meta property=\"og:description\" content=\"Experts en r\u00e9paration et entretien pour vos \u00e9quipements de buanderie. Fiabilit\u00e9, rapidit\u00e9 et qualit\u00e9 garanties !\" \/>\n<meta property=\"og:url\" content=\"https:\/\/layth-reparation.ca\/en\/garantie\/\" \/>\n<meta property=\"og:site_name\" content=\"Layth R\u00e9paration Expert\" \/>\n<meta property=\"article:modified_time\" content=\"2024-12-10T23:20:09+00:00\" \/>\n<meta property=\"og:image\" content=\"https:\/\/layth-reparation.ca\/wp-content\/uploads\/2024\/12\/Link-Preview-Image3.png\" \/>\n\t<meta property=\"og:image:width\" content=\"1200\" \/>\n\t<meta property=\"og:image:height\" content=\"630\" \/>\n\t<meta property=\"og:image:type\" content=\"image\/png\" \/>\n<meta name=\"twitter:card\" content=\"summary_large_image\" \/>\n<meta name=\"twitter:title\" content=\"Layth R\u00e9paration Expert\" \/>\n<meta name=\"twitter:description\" content=\"Experts en r\u00e9paration et entretien pour vos \u00e9quipements de buanderie. Fiabilit\u00e9, rapidit\u00e9 et qualit\u00e9 garanties !\" \/>\n<meta name=\"twitter:image\" content=\"https:\/\/layth-reparation.ca\/wp-content\/uploads\/2024\/12\/Link-Preview-Image3.png\" \/>\n<meta name=\"twitter:label1\" content=\"Estimated reading time\" \/>\n\t<meta name=\"twitter:data1\" content=\"2 minutes\" \/>\n<script type=\"application\/ld+json\" class=\"yoast-schema-graph\">{\"@context\":\"https:\/\/schema.org\",\"@graph\":[{\"@type\":\"WebPage\",\"@id\":\"https:\/\/layth-reparation.ca\/garantie\/\",\"url\":\"https:\/\/layth-reparation.ca\/garantie\/\",\"name\":\"Garantie - Layth R\u00e9paration Expert\",\"isPartOf\":{\"@id\":\"https:\/\/layth-reparation.ca\/#website\"},\"primaryImageOfPage\":{\"@id\":\"https:\/\/layth-reparation.ca\/garantie\/#primaryimage\"},\"image\":{\"@id\":\"https:\/\/layth-reparation.ca\/garantie\/#primaryimage\"},\"thumbnailUrl\":\"https:\/\/layth-reparation.ca\/wp-content\/uploads\/2024\/12\/Group-33.png\",\"datePublished\":\"2024-12-02T23:00:27+00:00\",\"dateModified\":\"2024-12-10T23:20:09+00:00\",\"description\":\"Experts en r\u00e9paration et entretien pour vos \u00e9quipements de buanderie. Fiabilit\u00e9, rapidit\u00e9 et qualit\u00e9 garanties !\",\"breadcrumb\":{\"@id\":\"https:\/\/layth-reparation.ca\/garantie\/#breadcrumb\"},\"inLanguage\":\"en-GB\",\"potentialAction\":[{\"@type\":\"ReadAction\",\"target\":[\"https:\/\/layth-reparation.ca\/garantie\/\"]}]},{\"@type\":\"ImageObject\",\"inLanguage\":\"en-GB\",\"@id\":\"https:\/\/layth-reparation.ca\/garantie\/#primaryimage\",\"url\":\"https:\/\/layth-reparation.ca\/wp-content\/uploads\/2024\/12\/Group-33.png\",\"contentUrl\":\"https:\/\/layth-reparation.ca\/wp-content\/uploads\/2024\/12\/Group-33.png\"},{\"@type\":\"BreadcrumbList\",\"@id\":\"https:\/\/layth-reparation.ca\/garantie\/#breadcrumb\",\"itemListElement\":[{\"@type\":\"ListItem\",\"position\":1,\"name\":\"Accueil\",\"item\":\"https:\/\/layth-reparation.ca\/\"},{\"@type\":\"ListItem\",\"position\":2,\"name\":\"Garantie\"}]},{\"@type\":\"WebSite\",\"@id\":\"https:\/\/layth-reparation.ca\/#website\",\"url\":\"https:\/\/layth-reparation.ca\/\",\"name\":\"Layth R\u00e9paration Expert\",\"description\":\"\",\"publisher\":{\"@id\":\"https:\/\/layth-reparation.ca\/#organization\"},\"potentialAction\":[{\"@type\":\"SearchAction\",\"target\":{\"@type\":\"EntryPoint\",\"urlTemplate\":\"https:\/\/layth-reparation.ca\/?s={search_term_string}\"},\"query-input\":{\"@type\":\"PropertyValueSpecification\",\"valueRequired\":true,\"valueName\":\"search_term_string\"}}],\"inLanguage\":\"en-GB\"},{\"@type\":\"Organization\",\"@id\":\"https:\/\/layth-reparation.ca\/#organization\",\"name\":\"Layth R\u00e9paration Expert\",\"url\":\"https:\/\/layth-reparation.ca\/\",\"logo\":{\"@type\":\"ImageObject\",\"inLanguage\":\"en-GB\",\"@id\":\"https:\/\/layth-reparation.ca\/#\/schema\/logo\/image\/\",\"url\":\"https:\/\/layth-reparation.ca\/wp-content\/uploads\/2024\/12\/cropped-logo.png\",\"contentUrl\":\"https:\/\/layth-reparation.ca\/wp-content\/uploads\/2024\/12\/cropped-logo.png\",\"width\":624,\"height\":336,\"caption\":\"Layth R\u00e9paration Expert\"},\"image\":{\"@id\":\"https:\/\/layth-reparation.ca\/#\/schema\/logo\/image\/\"}}]}<\/script>\n<!-- \/ Yoast SEO plugin. -->","yoast_head_json":{"title":"Garantie - Layth R\u00e9paration Expert","description":"Experts en r\u00e9paration et entretien pour vos \u00e9quipements de buanderie. Fiabilit\u00e9, rapidit\u00e9 et qualit\u00e9 garanties !","robots":{"index":"index","follow":"follow","max-snippet":"max-snippet:-1","max-image-preview":"max-image-preview:large","max-video-preview":"max-video-preview:-1"},"canonical":"https:\/\/layth-reparation.ca\/en\/garantie\/","og_locale":"en_GB","og_type":"article","og_title":"Layth R\u00e9paration Expert","og_description":"Experts en r\u00e9paration et entretien pour vos \u00e9quipements de buanderie. Fiabilit\u00e9, rapidit\u00e9 et qualit\u00e9 garanties !","og_url":"https:\/\/layth-reparation.ca\/en\/garantie\/","og_site_name":"Layth R\u00e9paration Expert","article_modified_time":"2024-12-10T23:20:09+00:00","og_image":[{"width":1200,"height":630,"url":"https:\/\/layth-reparation.ca\/wp-content\/uploads\/2024\/12\/Link-Preview-Image3.png","type":"image\/png"}],"twitter_card":"summary_large_image","twitter_title":"Layth R\u00e9paration Expert","twitter_description":"Experts en r\u00e9paration et entretien pour vos \u00e9quipements de buanderie. Fiabilit\u00e9, rapidit\u00e9 et qualit\u00e9 garanties !","twitter_image":"https:\/\/layth-reparation.ca\/wp-content\/uploads\/2024\/12\/Link-Preview-Image3.png","twitter_misc":{"Estimated reading time":"2 minutes"},"schema":{"@context":"https:\/\/schema.org","@graph":[{"@type":"WebPage","@id":"https:\/\/layth-reparation.ca\/garantie\/","url":"https:\/\/layth-reparation.ca\/garantie\/","name":"Garantie - Layth R\u00e9paration Expert","isPartOf":{"@id":"https:\/\/layth-reparation.ca\/#website"},"primaryImageOfPage":{"@id":"https:\/\/layth-reparation.ca\/garantie\/#primaryimage"},"image":{"@id":"https:\/\/layth-reparation.ca\/garantie\/#primaryimage"},"thumbnailUrl":"https:\/\/layth-reparation.ca\/wp-content\/uploads\/2024\/12\/Group-33.png","datePublished":"2024-12-02T23:00:27+00:00","dateModified":"2024-12-10T23:20:09+00:00","description":"Experts en r\u00e9paration et entretien pour vos \u00e9quipements de buanderie. Fiabilit\u00e9, rapidit\u00e9 et qualit\u00e9 garanties !","breadcrumb":{"@id":"https:\/\/layth-reparation.ca\/garantie\/#breadcrumb"},"inLanguage":"en-GB","potentialAction":[{"@type":"ReadAction","target":["https:\/\/layth-reparation.ca\/garantie\/"]}]},{"@type":"ImageObject","inLanguage":"en-GB","@id":"https:\/\/layth-reparation.ca\/garantie\/#primaryimage","url":"https:\/\/layth-reparation.ca\/wp-content\/uploads\/2024\/12\/Group-33.png","contentUrl":"https:\/\/layth-reparation.ca\/wp-content\/uploads\/2024\/12\/Group-33.png"},{"@type":"BreadcrumbList","@id":"https:\/\/layth-reparation.ca\/garantie\/#breadcrumb","itemListElement":[{"@type":"ListItem","position":1,"name":"Accueil","item":"https:\/\/layth-reparation.ca\/"},{"@type":"ListItem","position":2,"name":"Garantie"}]},{"@type":"WebSite","@id":"https:\/\/layth-reparation.ca\/#website","url":"https:\/\/layth-reparation.ca\/","name":"Layth R\u00e9paration Expert","description":"","publisher":{"@id":"https:\/\/layth-reparation.ca\/#organization"},"potentialAction":[{"@type":"SearchAction","target":{"@type":"EntryPoint","urlTemplate":"https:\/\/layth-reparation.ca\/?s={search_term_string}"},"query-input":{"@type":"PropertyValueSpecification","valueRequired":true,"valueName":"search_term_string"}}],"inLanguage":"en-GB"},{"@type":"Organization","@id":"https:\/\/layth-reparation.ca\/#organization","name":"Layth R\u00e9paration Expert","url":"https:\/\/layth-reparation.ca\/","logo":{"@type":"ImageObject","inLanguage":"en-GB","@id":"https:\/\/layth-reparation.ca\/#\/schema\/logo\/image\/","url":"https:\/\/layth-reparation.ca\/wp-content\/uploads\/2024\/12\/cropped-logo.png","contentUrl":"https:\/\/layth-reparation.ca\/wp-content\/uploads\/2024\/12\/cropped-logo.png","width":624,"height":336,"caption":"Layth R\u00e9paration Expert"},"image":{"@id":"https:\/\/layth-reparation.ca\/#\/schema\/logo\/image\/"}}]}},"featured_media_urls":[],"_links":{"self":[{"href":"https:\/\/layth-reparation.ca\/en\/wp-json\/wp\/v2\/pages\/6952","targetHints":{"allow":["GET"]}}],"collection":[{"href":"https:\/\/layth-reparation.ca\/en\/wp-json\/wp\/v2\/pages"}],"about":[{"href":"https:\/\/layth-reparation.ca\/en\/wp-json\/wp\/v2\/types\/page"}],"author":[{"embeddable":true,"href":"https:\/\/layth-reparation.ca\/en\/wp-json\/wp\/v2\/users\/1"}],"replies":[{"embeddable":true,"href":"https:\/\/layth-reparation.ca\/en\/wp-json\/wp\/v2\/comments?post=6952"}],"version-history":[{"count":76,"href":"https:\/\/layth-reparation.ca\/en\/wp-json\/wp\/v2\/pages\/6952\/revisions"}],"predecessor-version":[{"id":8098,"href":"https:\/\/layth-reparation.ca\/en\/wp-json\/wp\/v2\/pages\/6952\/revisions\/8098"}],"wp:attachment":[{"href":"https:\/\/layth-reparation.ca\/en\/wp-json\/wp\/v2\/media?parent=6952"}],"curies":[{"name":"wp","href":"https:\/\/api.w.org\/{rel}","templated":true}]}}